 {"id":998,"date":"2015-06-05T09:09:16","date_gmt":"2015-06-05T09:09:16","guid":{"rendered":"http:\/\/www4.uma.pt\/cierl\/?page_id=998"},"modified":"2016-02-18T12:53:02","modified_gmt":"2016-02-18T12:53:02","slug":"capacitacao-dos-alunos-na-ram-pt","status":"publish","type":"page","link":"https:\/\/cierl.uma.pt\/?page_id=998","title":{"rendered":"Capacita\u00e7\u00e3o dos Alunos na RAM"},"content":{"rendered":"<p><strong>Coordena\u00e7\u00e3o:<\/strong> Margarida Pocinho<\/p>\n<p><strong>Institui\u00e7\u00f5es de Acolhimento:<\/strong>\u00a0SRE \/\u00a0CIERL-UMa<\/p>\n<p><strong>Equipa de Investigadores<\/strong>: Regina Capelo, Susana Rodrigues, Soraia Garc\u00eas, Susana Gramilho. Conta ainda com a colabora\u00e7\u00e3o dos alunos da licenciatura em Psicologia e do Mestrado em Psicologia da Educa\u00e7\u00e3o.<\/p>\n<p><strong>Datas<\/strong>: Inicio: mar\u00e7o de 2015<\/p>\n<p>Fim: mar\u00e7o de 2017<\/p>\n<p><strong>Sinopse<\/strong>:\u00a0O\u00a0Projeto de Capacita\u00e7\u00e3o de Alunos da RAM tem por objetivos:<\/p>\n<ul>\n<li>Promover nas escolas contextos de igualiza\u00e7\u00e3o\u00a0de oportunidades tendentes a refor\u00e7ar o conceito de escola inclusiva;<\/li>\n<li>Intervir na cultura organizacional das escolas aderentes ao projeto por forma a\u00a0incentivar\u00a0a vertente de dinamiza\u00e7\u00e3o social ao n\u00edvel dos 5\u00ba e 6\u00baanos\u00a0de escolaridade;<\/li>\n<li>Promover situa\u00e7\u00f5es e contextos potenciadores da progressiva melhoria dos resultados escolares da RAM;<\/li>\n<li>Criar nos docentes\u00a0do ensino b\u00e1sico, atrav\u00e9s dos processos formativos, a capacidade de assumir fun\u00e7\u00f5es de media\u00e7\u00e3o social;<\/li>\n<li>Induzir processos de progressiva responsabiliza\u00e7\u00e3o e reconhecimento do papel da escola no contexto da fam\u00edlia.<\/li>\n<\/ul>\n<p>O Projeto de Capacita\u00e7\u00e3o de Alunos da RAM tem como popula\u00e7\u00e3o alvo um grupo espec\u00edfico de alunos, cerca de 700, selecionados por crit\u00e9rios e metodologias\u00a0objetivas\u00a0a partir de uma popula\u00e7\u00e3o de 5672 alunos dos 5\u00ba e 6\u00ba anos de escolaridade das escolas da RAM, que\u00a0se\u00a0posicionam\u00a0como alunos em risco,\u00a0resultante do desfasamento et\u00e1rio face ao ano de escolaridade frequentado.<\/p>\n","protected":false},"excerpt":{"rendered":"<p>Coordena\u00e7\u00e3o: Margarida Pocinho Institui\u00e7\u00f5es de Acolhimento:\u00a0SRE \/\u00a0CIERL-UMa Equipa de Investigadores: Regina Capelo, Susana Rodrigues, Soraia Garc\u00eas, Susana Gramilho. Conta ainda com a colabora\u00e7\u00e3o dos alunos da licenciatura em Psicologia e do Mestrado em Psicologia da Educa\u00e7\u00e3o. Datas: Inicio: mar\u00e7o de 2015 Fim: mar\u00e7o de 2017 Sinopse:\u00a0O\u00a0Projeto de Capacita\u00e7\u00e3o de Alunos da RAM tem por objetivos: &#8230; <a title=\"Capacita\u00e7\u00e3o dos Alunos na RAM\" class=\"read-more\" href=\"https:\/\/cierl.uma.pt\/?page_id=998\" aria-label=\"More on Capacita\u00e7\u00e3o dos Alunos na RAM\">Read more<\/a><\/p>\n","protected":false},"author":4,"featured_media":0,"parent":177,"menu_order":0,"comment_status":"closed","ping_status":"open","template":"","meta":{"footnotes":""},"language":[6],"class_list":{"0":"post-998","1":"page","2":"type-page","3":"status-publish","5":"language-pt_pt"},"_links":{"self":[{"href":"https:\/\/cierl.uma.pt\/index.php?rest_route=\/wp\/v2\/pages\/998","targetHints":{"allow":["GET"]}}],"collection":[{"href":"https:\/\/cierl.uma.pt\/index.php?rest_route=\/wp\/v2\/pages"}],"about":[{"href":"https:\/\/cierl.uma.pt\/index.php?rest_route=\/wp\/v2\/types\/page"}],"author":[{"embeddable":true,"href":"https:\/\/cierl.uma.pt\/index.php?rest_route=\/wp\/v2\/users\/4"}],"replies":[{"embeddable":true,"href":"https:\/\/cierl.uma.pt\/index.php?rest_route=%2Fwp%2Fv2%2Fcomments&post=998"}],"version-history":[{"count":3,"href":"https:\/\/cierl.uma.pt\/index.php?rest_route=\/wp\/v2\/pages\/998\/revisions"}],"predecessor-version":[{"id":1161,"href":"https:\/\/cierl.uma.pt\/index.php?rest_route=\/wp\/v2\/pages\/998\/revisions\/1161"}],"up":[{"embeddable":true,"href":"https:\/\/cierl.uma.pt\/index.php?rest_route=\/wp\/v2\/pages\/177"}],"wp:attachment":[{"href":"https:\/\/cierl.uma.pt\/index.php?rest_route=%2Fwp%2Fv2%2Fmedia&parent=998"}],"wp:term":[{"taxonomy":"language","embeddable":true,"href":"https:\/\/cierl.uma.pt\/index.php?rest_route=%2Fwp%2Fv2%2Flanguage&post=998"}],"curies":[{"name":"wp","href":"https:\/\/api.w.org\/{rel}","templated":true}]}}