 {"id":580,"date":"2015-04-09T13:11:59","date_gmt":"2015-04-09T13:11:59","guid":{"rendered":"http:\/\/www4.uma.pt\/cierl\/?page_id=580"},"modified":"2016-09-28T20:39:03","modified_gmt":"2016-09-28T20:39:03","slug":"opa-uma","status":"publish","type":"page","link":"https:\/\/cierl.uma.pt\/?page_id=580","title":{"rendered":"Investiga\u00e7\u00e3o Cient\u00edfica em Psicologia Anomal\u00edstica &#8211; ICPA"},"content":{"rendered":"<p><a href=\"http:\/\/www4.uma.pt\/cierl\/wp-content\/uploads\/2015\/04\/ICPA_UMa_Logotipos-01.jpg\"><img loading=\"lazy\" decoding=\"async\" class=\"aligncenter wp-image-1429 size-medium\" src=\"http:\/\/www4.uma.pt\/cierl\/wp-content\/uploads\/2015\/04\/ICPA_UMa_Logotipos-01-298x300.jpg\" alt=\"ICPA_UMa_Logotipos-01\" width=\"298\" height=\"300\" srcset=\"https:\/\/cierl.uma.pt\/wp-content\/uploads\/2015\/04\/ICPA_UMa_Logotipos-01-298x300.jpg 298w, https:\/\/cierl.uma.pt\/wp-content\/uploads\/2015\/04\/ICPA_UMa_Logotipos-01-150x150.jpg 150w, https:\/\/cierl.uma.pt\/wp-content\/uploads\/2015\/04\/ICPA_UMa_Logotipos-01-1016x1024.jpg 1016w, https:\/\/cierl.uma.pt\/wp-content\/uploads\/2015\/04\/ICPA_UMa_Logotipos-01.jpg 1723w\" sizes=\"auto, (max-width: 298px) 100vw, 298px\" \/><\/a><\/p>\n","protected":false},"excerpt":{"rendered":"","protected":false},"author":4,"featured_media":0,"parent":425,"menu_order":0,"comment_status":"closed","ping_status":"open","template":"","meta":{"footnotes":""},"language":[5],"class_list":{"0":"post-580","1":"page","2":"type-page","3":"status-publish","5":"language-en_us"},"_links":{"self":[{"href":"https:\/\/cierl.uma.pt\/index.php?rest_route=\/wp\/v2\/pages\/580","targetHints":{"allow":["GET"]}}],"collection":[{"href":"https:\/\/cierl.uma.pt\/index.php?rest_route=\/wp\/v2\/pages"}],"about":[{"href":"https:\/\/cierl.uma.pt\/index.php?rest_route=\/wp\/v2\/types\/page"}],"author":[{"embeddable":true,"href":"https:\/\/cierl.uma.pt\/index.php?rest_route=\/wp\/v2\/users\/4"}],"replies":[{"embeddable":true,"href":"https:\/\/cierl.uma.pt\/index.php?rest_route=%2Fwp%2Fv2%2Fcomments&post=580"}],"version-history":[{"count":4,"href":"https:\/\/cierl.uma.pt\/index.php?rest_route=\/wp\/v2\/pages\/580\/revisions"}],"predecessor-version":[{"id":1432,"href":"https:\/\/cierl.uma.pt\/index.php?rest_route=\/wp\/v2\/pages\/580\/revisions\/1432"}],"up":[{"embeddable":true,"href":"https:\/\/cierl.uma.pt\/index.php?rest_route=\/wp\/v2\/pages\/425"}],"wp:attachment":[{"href":"https:\/\/cierl.uma.pt\/index.php?rest_route=%2Fwp%2Fv2%2Fmedia&parent=580"}],"wp:term":[{"taxonomy":"language","embeddable":true,"href":"https:\/\/cierl.uma.pt\/index.php?rest_route=%2Fwp%2Fv2%2Flanguage&post=580"}],"curies":[{"name":"wp","href":"https:\/\/api.w.org\/{rel}","templated":true}]}}