 {"id":4191,"date":"2016-10-10T14:25:32","date_gmt":"2016-10-10T14:25:32","guid":{"rendered":"http:\/\/www4.uma.pt\/cierl\/?page_id=4191"},"modified":"2016-10-10T14:25:32","modified_gmt":"2016-10-10T14:25:32","slug":"lorena-rodrigues","status":"publish","type":"page","link":"https:\/\/cierl.uma.pt\/?page_id=4191","title":{"rendered":"Lorena Rodrigues"},"content":{"rendered":"<table>\n<tbody>\n<tr>\n<td><span style=\"color: #003366;\"><strong>Lorena Rodrigues<\/strong> \u00e9 Doutoranda e mestre (2010) em lingu\u00edstica pela Universidade Federal, por onde tamb\u00e9m \u00e9 licenciada (2007) em Letras Portugu\u00eas e suas respectivas literaturas. Professora da rede estadual de ensino do Cear\u00e1\/Brasil. Pesquisadora do Grupo de Pesquisas Sociolingu\u00edsticas (SOCIOLIN \u2013 CE\/UFC) e do Centro de Investiga\u00e7\u00e3o em Estudos Regionais e Locais da Universidade da Madeira (CIERL\/UMA), desenvolve pesquisa em Sociolingu\u00edstica e Funcionalismo, tendo como tese em andamento a aproxima\u00e7\u00e3o dessas duas teorias, a partir do estudo dos cl\u00edticos do portugu\u00eas brasileiro e europeu.<\/span><\/td>\n<td><strong>Lorena Rodrigues<\/strong><\/td>\n<\/tr>\n<\/tbody>\n<\/table>\n","protected":false},"excerpt":{"rendered":"<p>Lorena Rodrigues \u00e9 Doutoranda e mestre (2010) em lingu\u00edstica pela Universidade Federal, por onde tamb\u00e9m \u00e9 licenciada (2007) em Letras Portugu\u00eas e suas respectivas literaturas. Professora da rede estadual de ensino do Cear\u00e1\/Brasil. Pesquisadora do Grupo de Pesquisas Sociolingu\u00edsticas (SOCIOLIN \u2013 CE\/UFC) e do Centro de Investiga\u00e7\u00e3o em Estudos Regionais e Locais da Universidade da &#8230; <a title=\"Lorena Rodrigues\" class=\"read-more\" href=\"https:\/\/cierl.uma.pt\/?page_id=4191\" aria-label=\"More on Lorena Rodrigues\">Read more<\/a><\/p>\n","protected":false},"author":101012,"featured_media":4185,"parent":0,"menu_order":0,"comment_status":"closed","ping_status":"closed","template":"","meta":{"footnotes":""},"language":[],"class_list":["post-4191","page","type-page","status-publish","has-post-thumbnail"],"_links":{"self":[{"href":"https:\/\/cierl.uma.pt\/index.php?rest_route=\/wp\/v2\/pages\/4191","targetHints":{"allow":["GET"]}}],"collection":[{"href":"https:\/\/cierl.uma.pt\/index.php?rest_route=\/wp\/v2\/pages"}],"about":[{"href":"https:\/\/cierl.uma.pt\/index.php?rest_route=\/wp\/v2\/types\/page"}],"author":[{"embeddable":true,"href":"https:\/\/cierl.uma.pt\/index.php?rest_route=\/wp\/v2\/users\/101012"}],"replies":[{"embeddable":true,"href":"https:\/\/cierl.uma.pt\/index.php?rest_route=%2Fwp%2Fv2%2Fcomments&post=4191"}],"version-history":[{"count":4,"href":"https:\/\/cierl.uma.pt\/index.php?rest_route=\/wp\/v2\/pages\/4191\/revisions"}],"predecessor-version":[{"id":4195,"href":"https:\/\/cierl.uma.pt\/index.php?rest_route=\/wp\/v2\/pages\/4191\/revisions\/4195"}],"wp:featuredmedia":[{"embeddable":true,"href":"https:\/\/cierl.uma.pt\/index.php?rest_route=\/wp\/v2\/media\/4185"}],"wp:attachment":[{"href":"https:\/\/cierl.uma.pt\/index.php?rest_route=%2Fwp%2Fv2%2Fmedia&parent=4191"}],"wp:term":[{"taxonomy":"language","embeddable":true,"href":"https:\/\/cierl.uma.pt\/index.php?rest_route=%2Fwp%2Fv2%2Flanguage&post=4191"}],"curies":[{"name":"wp","href":"https:\/\/api.w.org\/{rel}","templated":true}]}}