 {"id":4161,"date":"2016-10-06T14:45:16","date_gmt":"2016-10-06T14:45:16","guid":{"rendered":"http:\/\/www4.uma.pt\/cierl\/?page_id=4161"},"modified":"2016-10-22T12:30:25","modified_gmt":"2016-10-22T12:30:25","slug":"form-seminario-uma-cierl-the-map-of-a-woman","status":"publish","type":"page","link":"https:\/\/cierl.uma.pt\/?page_id=4161","title":{"rendered":"Form | Semin\u00e1rio UMa-CIERL \u2013 THE MAP OF A WOMAN"},"content":{"rendered":"<p>Semin\u00e1rio UMa-CIERL \u2013 THE MAP OF A WOMAN [Zuzanna Sanches]<\/p>\n<p><a href=\"http:\/\/www4.uma.pt\/cierl\/wp-content\/uploads\/2016\/10\/BlackMonday-Strikes-oct2016_Poland.jpg\" rel=\"attachment wp-att-4145\"><img loading=\"lazy\" decoding=\"async\" class=\"alignnone size-medium wp-image-4145\" src=\"http:\/\/www4.uma.pt\/cierl\/wp-content\/uploads\/2016\/10\/BlackMonday-Strikes-oct2016_Poland-300x169.jpg\" alt=\"blackmonday-strikes-oct2016_poland\" width=\"300\" height=\"169\" srcset=\"https:\/\/cierl.uma.pt\/wp-content\/uploads\/2016\/10\/BlackMonday-Strikes-oct2016_Poland-300x169.jpg 300w, https:\/\/cierl.uma.pt\/wp-content\/uploads\/2016\/10\/BlackMonday-Strikes-oct2016_Poland-768x432.jpg 768w, https:\/\/cierl.uma.pt\/wp-content\/uploads\/2016\/10\/BlackMonday-Strikes-oct2016_Poland.jpg 970w\" sizes=\"auto, (max-width: 300px) 100vw, 300px\" \/><\/a><\/p>\n<p>Devido a problemas t\u00e9cnicos detectados no funcionamento do boletim de inscri\u00e7\u00e3o anteriormente aqui disponibilizado, fomos for\u00e7ados a retir\u00e1-lo.<\/p>\n<p>Os interessados em inscrever-se no semin\u00e1rio dever\u00e3o faz\u00ea-lo, mediante envio de e-mail para <a href=\"http:\/\/cierl@mail.uma.pt\">cierl@mail.uma.pt<\/a>.<\/p>\n<p>Pedimos desculpa por qualquer inconveniente que esta situa\u00e7\u00e3o possa causar.<\/p>\n<p>Com Zuzanna Sanches, aguardamos por v\u00f3s na pr\u00f3xima sexta feira, a partir das 11:00, no Anfiteatro 4 do <em>Campus\u00a0<\/em>Universit\u00e1rio da Penteada.<\/p>\n<p><a href=\"http:\/\/www4.uma.pt\/cierl\/?page_id=4141\">Regressar \u00e0 p\u00e1gina do Semin\u00e1rio UMa-CIERL &#8211; The Map of a Woman <\/a><\/p>\n","protected":false},"excerpt":{"rendered":"<p>Semin\u00e1rio UMa-CIERL \u2013 THE MAP OF A WOMAN [Zuzanna Sanches] Devido a problemas t\u00e9cnicos detectados no funcionamento do boletim de inscri\u00e7\u00e3o anteriormente aqui disponibilizado, fomos for\u00e7ados a retir\u00e1-lo. Os interessados em inscrever-se no semin\u00e1rio dever\u00e3o faz\u00ea-lo, mediante envio de e-mail para cierl@mail.uma.pt. Pedimos desculpa por qualquer inconveniente que esta situa\u00e7\u00e3o possa causar. Com Zuzanna Sanches, &#8230; <a title=\"Form | Semin\u00e1rio UMa-CIERL \u2013 THE MAP OF A WOMAN\" class=\"read-more\" href=\"https:\/\/cierl.uma.pt\/?page_id=4161\" aria-label=\"More on Form | Semin\u00e1rio UMa-CIERL \u2013 THE MAP OF A WOMAN\">Read more<\/a><\/p>\n","protected":false},"author":6,"featured_media":0,"parent":4141,"menu_order":1,"comment_status":"closed","ping_status":"closed","template":"","meta":{"footnotes":""},"language":[6],"class_list":{"0":"post-4161","1":"page","2":"type-page","3":"status-publish","5":"language-pt_pt"},"_links":{"self":[{"href":"https:\/\/cierl.uma.pt\/index.php?rest_route=\/wp\/v2\/pages\/4161","targetHints":{"allow":["GET"]}}],"collection":[{"href":"https:\/\/cierl.uma.pt\/index.php?rest_route=\/wp\/v2\/pages"}],"about":[{"href":"https:\/\/cierl.uma.pt\/index.php?rest_route=\/wp\/v2\/types\/page"}],"author":[{"embeddable":true,"href":"https:\/\/cierl.uma.pt\/index.php?rest_route=\/wp\/v2\/users\/6"}],"replies":[{"embeddable":true,"href":"https:\/\/cierl.uma.pt\/index.php?rest_route=%2Fwp%2Fv2%2Fcomments&post=4161"}],"version-history":[{"count":6,"href":"https:\/\/cierl.uma.pt\/index.php?rest_route=\/wp\/v2\/pages\/4161\/revisions"}],"predecessor-version":[{"id":4407,"href":"https:\/\/cierl.uma.pt\/index.php?rest_route=\/wp\/v2\/pages\/4161\/revisions\/4407"}],"up":[{"embeddable":true,"href":"https:\/\/cierl.uma.pt\/index.php?rest_route=\/wp\/v2\/pages\/4141"}],"wp:attachment":[{"href":"https:\/\/cierl.uma.pt\/index.php?rest_route=%2Fwp%2Fv2%2Fmedia&parent=4161"}],"wp:term":[{"taxonomy":"language","embeddable":true,"href":"https:\/\/cierl.uma.pt\/index.php?rest_route=%2Fwp%2Fv2%2Flanguage&post=4161"}],"curies":[{"name":"wp","href":"https:\/\/api.w.org\/{rel}","templated":true}]}}