 {"id":369,"date":"2015-03-27T15:55:34","date_gmt":"2015-03-27T15:55:34","guid":{"rendered":"http:\/\/www4.uma.pt\/cierl\/?page_id=369"},"modified":"2016-09-30T09:09:47","modified_gmt":"2016-09-30T09:09:47","slug":"369-2","status":"publish","type":"page","link":"https:\/\/cierl.uma.pt\/?page_id=369","title":{"rendered":"HumanCultTransform ClimateChange"},"content":{"rendered":"<p><strong>HumanCultTransform_Climate Change, Human Development\u00a0&amp; Cultural Citizenship Transformation<\/strong><\/p>\n<p><strong>Autoria<\/strong>: Colectivo de investigadores e artistas envolvidos no projecto<\/p>\n<p><strong>Coordena\u00e7\u00e3o<\/strong>: Carmen Diego (IGOT-UL) e Ana Salgueiro (CIERL-UMa; CECC-UCP)<\/p>\n<p><strong>Institui\u00e7\u00e3o de acolhimento<\/strong>: CIERL-UMa<\/p>\n<p><strong>Institui\u00e7\u00f5es Parceiras:<\/strong> CECC-UCP (Portugal), Universidade de Br\u00e9scia (It\u00e1lia), outras, ainda em negocia\u00e7\u00e3o.<\/p>\n<p><strong>Equipa de Investigadores:<\/strong>\u00a0Ana Paula Almeida, Ana Salgueiro, Antonella Pietta, Carmen Diego, Duarte da Encarna\u00e7\u00e3o, F\u00e1bia Camacho, Filipa Fernandes, Filipe Ferraz, Lucilina Freitas, Marco Tonino, Michela Tiboni, Milena Mateus, Paulo Freitas, Rodrigo Camacho, Sara Bonati, Sara Costa, Virg\u00edlio Baltasar, V. Nuno Martins. A equipa de investigadores deste projeto est\u00e1 ainda em aberto. Ser\u00e1 considerada a hip\u00f3tese de inclus\u00e3o de outras propostas no HUMANCULTTRANSFORM_CLIMATECHANGE, desde que devidamente formalizadas e remetidas \u00e0s suas coordenadoras.<\/p>\n<p><strong>Datas<\/strong>: 2014 \u2013 2020.<\/p>\n<p><strong>Sinopse<\/strong>: <strong>HUMANCULTTRANSFORM_ CLIMATECHANGE<\/strong> resulta de uma parceria internacional entre o CIERL-UMa, o CECC-UCP, a Universidade de Brescia (It\u00e1lia) e eventualmente outros grupos\/centros de investiga\u00e7\u00e3o nacionais ou estrangeiros com quem este projeto se encontra ainda em negocia\u00e7\u00e3o. Trata se de um projeto interdisciplinar, que promove a articula\u00e7\u00e3o das \u00e1reas das Artes e das Ci\u00eancias Humanas e Sociais, com as Ci\u00eancias Naturais e as Ci\u00eancias Tecnol\u00f3gicas. Procura, desta forma, analisar a implica\u00e7\u00e3o de fatores de ordem psicol\u00f3gica, cultural, social e pol\u00edtica nas problem\u00e1ticas das altera\u00e7\u00f5es clim\u00e1ticas e do impacto destas na ilha da Madeira, dando especial aten\u00e7\u00e3o aos fen\u00f3menos de desastres naturais aqui experienciados nos s\u00e9culos XIX, XX e XXI. Este projecto, embora assuma um perfil acad\u00e9mico, procura tamb\u00e9m o desenvolvimento de trabalho com parceiros n\u00e3o-acad\u00e9micos, como p. ex.: institui\u00e7\u00f5es e empresas p\u00fablicas e privadas; grupos ou centros culturais e desportivos; associa\u00e7\u00f5es locais; funda\u00e7\u00f5es; sujeitos individuais e comunidades locais.<\/p>\n<p>&nbsp;<\/p>\n","protected":false},"excerpt":{"rendered":"<p>HumanCultTransform_Climate Change, Human Development\u00a0&amp; Cultural Citizenship Transformation Autoria: Colectivo de investigadores e artistas envolvidos no projecto Coordena\u00e7\u00e3o: Carmen Diego (IGOT-UL) e Ana Salgueiro (CIERL-UMa; CECC-UCP) Institui\u00e7\u00e3o de acolhimento: CIERL-UMa Institui\u00e7\u00f5es Parceiras: CECC-UCP (Portugal), Universidade de Br\u00e9scia (It\u00e1lia), outras, ainda em negocia\u00e7\u00e3o. Equipa de Investigadores:\u00a0Ana Paula Almeida, Ana Salgueiro, Antonella Pietta, Carmen Diego, Duarte da Encarna\u00e7\u00e3o, &#8230; <a title=\"HumanCultTransform ClimateChange\" class=\"read-more\" href=\"https:\/\/cierl.uma.pt\/?page_id=369\" aria-label=\"More on HumanCultTransform ClimateChange\">Read more<\/a><\/p>\n","protected":false},"author":4,"featured_media":0,"parent":177,"menu_order":0,"comment_status":"closed","ping_status":"open","template":"","meta":{"footnotes":""},"language":[6],"class_list":{"0":"post-369","1":"page","2":"type-page","3":"status-publish","5":"language-pt_pt"},"_links":{"self":[{"href":"https:\/\/cierl.uma.pt\/index.php?rest_route=\/wp\/v2\/pages\/369","targetHints":{"allow":["GET"]}}],"collection":[{"href":"https:\/\/cierl.uma.pt\/index.php?rest_route=\/wp\/v2\/pages"}],"about":[{"href":"https:\/\/cierl.uma.pt\/index.php?rest_route=\/wp\/v2\/types\/page"}],"author":[{"embeddable":true,"href":"https:\/\/cierl.uma.pt\/index.php?rest_route=\/wp\/v2\/users\/4"}],"replies":[{"embeddable":true,"href":"https:\/\/cierl.uma.pt\/index.php?rest_route=%2Fwp%2Fv2%2Fcomments&post=369"}],"version-history":[{"count":7,"href":"https:\/\/cierl.uma.pt\/index.php?rest_route=\/wp\/v2\/pages\/369\/revisions"}],"predecessor-version":[{"id":4088,"href":"https:\/\/cierl.uma.pt\/index.php?rest_route=\/wp\/v2\/pages\/369\/revisions\/4088"}],"up":[{"embeddable":true,"href":"https:\/\/cierl.uma.pt\/index.php?rest_route=\/wp\/v2\/pages\/177"}],"wp:attachment":[{"href":"https:\/\/cierl.uma.pt\/index.php?rest_route=%2Fwp%2Fv2%2Fmedia&parent=369"}],"wp:term":[{"taxonomy":"language","embeddable":true,"href":"https:\/\/cierl.uma.pt\/index.php?rest_route=%2Fwp%2Fv2%2Flanguage&post=369"}],"curies":[{"name":"wp","href":"https:\/\/api.w.org\/{rel}","templated":true}]}}