 {"id":360,"date":"2015-03-27T15:36:52","date_gmt":"2015-03-27T15:36:52","guid":{"rendered":"http:\/\/www4.uma.pt\/cierl\/?page_id=360"},"modified":"2016-02-18T12:53:27","modified_gmt":"2016-02-18T12:53:27","slug":"imagem-e-territorio-iconografia-da-ilha-da-madeira","status":"publish","type":"page","link":"https:\/\/cierl.uma.pt\/?page_id=360","title":{"rendered":"Imagem e Territ\u00f3rio: Iconografia da Ilha da Madeira"},"content":{"rendered":"<p><strong>Autoria<\/strong>\u00a0: \u00c1rea de Estudos Art\u00edsticos do CIERL-UMa<\/p>\n<p><strong>Coordena\u00e7\u00e3o<\/strong>: V\u00edtor Magalh\u00e3es e Carlos Valente<\/p>\n<p><strong>Institui\u00e7\u00f5es de Acolhimento<\/strong>: CIERL-UMa<\/p>\n<p><strong>Equipa de investigadores<\/strong>: Ainda em constitui\u00e7\u00e3o<\/p>\n<p><strong>Sinopse<\/strong>: Linha de investiga\u00e7\u00e3o que acolher\u00e1 projetos individuais e coletivos centrados em quest\u00f5es relacionadas com a representa\u00e7\u00e3o visual da ilha da Madeira e que se prendam com a articula\u00e7\u00e3o entre imagem e territ\u00f3rio.<\/p>\n<p><strong>Projectos j\u00e1 integrados na linha de investiga\u00e7\u00e3o<\/strong>:<\/p>\n<ul>\n<li>A Paisagem Madeirense: a Natureza e a sua Representa\u00e7\u00e3o na Pintura e na Fotografia (autoria e coord. Carlos Valente);<\/li>\n<li>Da Constru\u00e7\u00e3o de um Olhar End\u00e9mico. Artistas Insulares e a No\u00e7\u00e3o de Lugar (autoria e coord. V\u00edtor Magalh\u00e3es)<\/li>\n<\/ul>\n","protected":false},"excerpt":{"rendered":"<p>Autoria\u00a0: \u00c1rea de Estudos Art\u00edsticos do CIERL-UMa Coordena\u00e7\u00e3o: V\u00edtor Magalh\u00e3es e Carlos Valente Institui\u00e7\u00f5es de Acolhimento: CIERL-UMa Equipa de investigadores: Ainda em constitui\u00e7\u00e3o Sinopse: Linha de investiga\u00e7\u00e3o que acolher\u00e1 projetos individuais e coletivos centrados em quest\u00f5es relacionadas com a representa\u00e7\u00e3o visual da ilha da Madeira e que se prendam com a articula\u00e7\u00e3o entre imagem e &#8230; <a title=\"Imagem e Territ\u00f3rio: Iconografia da Ilha da Madeira\" class=\"read-more\" href=\"https:\/\/cierl.uma.pt\/?page_id=360\" aria-label=\"More on Imagem e Territ\u00f3rio: Iconografia da Ilha da Madeira\">Read more<\/a><\/p>\n","protected":false},"author":4,"featured_media":0,"parent":177,"menu_order":0,"comment_status":"closed","ping_status":"open","template":"","meta":{"footnotes":""},"language":[6],"class_list":{"0":"post-360","1":"page","2":"type-page","3":"status-publish","5":"language-pt_pt"},"_links":{"self":[{"href":"https:\/\/cierl.uma.pt\/index.php?rest_route=\/wp\/v2\/pages\/360","targetHints":{"allow":["GET"]}}],"collection":[{"href":"https:\/\/cierl.uma.pt\/index.php?rest_route=\/wp\/v2\/pages"}],"about":[{"href":"https:\/\/cierl.uma.pt\/index.php?rest_route=\/wp\/v2\/types\/page"}],"author":[{"embeddable":true,"href":"https:\/\/cierl.uma.pt\/index.php?rest_route=\/wp\/v2\/users\/4"}],"replies":[{"embeddable":true,"href":"https:\/\/cierl.uma.pt\/index.php?rest_route=%2Fwp%2Fv2%2Fcomments&post=360"}],"version-history":[{"count":3,"href":"https:\/\/cierl.uma.pt\/index.php?rest_route=\/wp\/v2\/pages\/360\/revisions"}],"predecessor-version":[{"id":1010,"href":"https:\/\/cierl.uma.pt\/index.php?rest_route=\/wp\/v2\/pages\/360\/revisions\/1010"}],"up":[{"embeddable":true,"href":"https:\/\/cierl.uma.pt\/index.php?rest_route=\/wp\/v2\/pages\/177"}],"wp:attachment":[{"href":"https:\/\/cierl.uma.pt\/index.php?rest_route=%2Fwp%2Fv2%2Fmedia&parent=360"}],"wp:term":[{"taxonomy":"language","embeddable":true,"href":"https:\/\/cierl.uma.pt\/index.php?rest_route=%2Fwp%2Fv2%2Flanguage&post=360"}],"curies":[{"name":"wp","href":"https:\/\/api.w.org\/{rel}","templated":true}]}}