 {"id":356,"date":"2015-03-27T15:29:16","date_gmt":"2015-03-27T15:29:16","guid":{"rendered":"http:\/\/www4.uma.pt\/cierl\/?page_id=356"},"modified":"2016-10-18T17:02:42","modified_gmt":"2016-10-18T17:02:42","slug":"cultural-transfer-in-island-contexts-the-arquipelago-of-madeira-case-studies-transferencia-cultural-em-contexto-insular-o-arquipelago-da-madeira-estudos-de-caso","status":"publish","type":"page","link":"https:\/\/cierl.uma.pt\/?page_id=356","title":{"rendered":"Cultural Mobility &#038; Transfer in Island Contexts"},"content":{"rendered":"<p><img loading=\"lazy\" decoding=\"async\" class=\"wp-image-4044 alignleft\" src=\"http:\/\/www4.uma.pt\/cierl\/wp-content\/uploads\/2015\/03\/Logo-CMTIC_green-05-300x187.png\" alt=\"logo-cmtic_green-05\" width=\"210\" height=\"130\" srcset=\"https:\/\/cierl.uma.pt\/wp-content\/uploads\/2015\/03\/Logo-CMTIC_green-05-300x187.png 300w, https:\/\/cierl.uma.pt\/wp-content\/uploads\/2015\/03\/Logo-CMTIC_green-05-768x480.png 768w, https:\/\/cierl.uma.pt\/wp-content\/uploads\/2015\/03\/Logo-CMTIC_green-05-1024x640.png 1024w\" sizes=\"auto, (max-width: 210px) 100vw, 210px\" \/><\/p>\n<h2 style=\"text-align: left;\"><span style=\"color: #033b3b;\">Mobilidade e Transfer\u00eancia Culturais<br \/>\nem Contextos Insulares<\/span><\/h2>\n<p>&nbsp;<\/p>\n<p>&nbsp;<\/p>\n<p><span style=\"color: #008080;\"><strong>Autoria e coordena\u00e7\u00e3o:<\/strong> <span style=\"color: #033b3b;\"><a style=\"color: #033b3b;\" href=\"http:\/\/www4.uma.pt\/cierl\/?page_id=471\">Anne Martina Emonts<\/a><a href=\"http:\/\/www4.uma.pt\/cierl\/wp-content\/uploads\/2015\/04\/SS-Viceroy-of-India-19362.jpg\" rel=\"attachment wp-att-4005\"><img loading=\"lazy\" decoding=\"async\" class=\"wp-image-4005 alignright\" src=\"http:\/\/www4.uma.pt\/cierl\/wp-content\/uploads\/2015\/04\/SS-Viceroy-of-India-19362-300x175.jpg\" alt=\"ss-viceroy-of-india-19362\" width=\"513\" height=\"299\" srcset=\"https:\/\/cierl.uma.pt\/wp-content\/uploads\/2015\/04\/SS-Viceroy-of-India-19362-300x175.jpg 300w, https:\/\/cierl.uma.pt\/wp-content\/uploads\/2015\/04\/SS-Viceroy-of-India-19362-768x448.jpg 768w, https:\/\/cierl.uma.pt\/wp-content\/uploads\/2015\/04\/SS-Viceroy-of-India-19362.jpg 799w\" sizes=\"auto, (max-width: 513px) 100vw, 513px\" \/><\/a><\/span><\/span><\/p>\n<p><span style=\"color: #008080;\"><strong>Institui\u00e7\u00e3o de acolhimento:<\/strong> UMa-CIERL<\/span><\/p>\n<p><b><span style=\"color: #008080;\">Equipa de investigadores:<\/span><\/b><\/p>\n<ul>\n<li><span style=\"color: #033b3b;\"><a style=\"color: #033b3b;\" href=\"http:\/\/www4.uma.pt\/cierl\/?page_id=471\">Anne Martina Emonts<\/a>;<\/span><\/li>\n<li><span style=\"color: #033b3b;\"><a style=\"color: #033b3b;\" href=\"http:\/\/www4.uma.pt\/cierl\/?page_id=485\">Ana Salgueiro<\/a>;<\/span><\/li>\n<li><span style=\"color: #033b3b;\"><a style=\"color: #033b3b;\" href=\"http:\/\/www4.uma.pt\/cierl\/?page_id=1112\">Duarte Santo<\/a>;<\/span><\/li>\n<li><span style=\"color: #008080;\">outros ainda a confirmar<\/span><\/li>\n<\/ul>\n<div><span style=\"color: #008080;\"><b>Design do Logo:<\/b><\/span><\/div>\n<ul>\n<li>Lia Caldeira<\/li>\n<\/ul>\n<p>&nbsp;<\/p>\n<p><span style=\"color: #008080;\"><strong>Resumo de apresenta\u00e7\u00e3o da Linha de Investiga\u00e7\u00e3o<\/strong>:<\/span><\/p>\n<p><span style=\"color: #008080;\">\u00a0Ilhas, e em particular o Arquip\u00e9lago da Madeira, foram desde sempre e s\u00e3o ainda hoje espa\u00e7os que, de uma forma extrema, estiveram n\u00e3o s\u00f3 expostos a influ\u00eancias clim\u00e1ticas, econ\u00f3micas e pol\u00edticas decorrentes da sua condi\u00e7\u00e3o insular, mas tamb\u00e9m (e talvez sobretudo) a influ\u00eancias culturais. Desastres naturais e altera\u00e7\u00f5es clim\u00e1ticas, o com\u00e9rcio de produtos espec\u00edficos, ondas migrat\u00f3rias, interesses cient\u00edficos e tur\u00edsticos, a situa\u00e7\u00e3o estrat\u00e9gica-militar e outros factores fizeram\/fazem do arquip\u00e9lago da Madeira um objecto de estudo predestinado e um laborat\u00f3rio particularmente interessante para o estudo do fen\u00f3meno de \u2018transfer\u00eancia cultural\u2019.<\/span><\/p>\n<p><span style=\"color: #008080;\">Centrando a nossa aten\u00e7\u00e3o nos diversos processos de \u2018transfer\u00eancia cultural\u2019 a\u00ed detect\u00e1veis, importa identificar quer os enclaves do interc\u00e2mbio cultural, quer os seus agentes. A evoca\u00e7\u00e3o do que representou\/representa a heran\u00e7a da arte flamenga na Madeira, desde o s\u00e9culo XV, ou a sinaliza\u00e7\u00e3o do impacto econ\u00f3mico, ecol\u00f3gico, mas tamb\u00e9m cultural que a actividade tur\u00edstica, mais recentemente, assume no arquip\u00e9lago ser\u00e3o apenas dois dos muitos casos de estudo a analisar.<\/span><\/p>\n<p><span style=\"color: #008080;\">Por que raz\u00e3o, como e em que medida, ao longo da sua Hist\u00f3ria, este e outros espa\u00e7os insulares \u00a0foram particularmente sens\u00edveis ao encontro quer de culturas, quer de correntes culturais? Como foram aceites e\/ou rejeitados esses fen\u00f3menos \u2013 respectivamente, discursos \u2013 na Madeira? E que eventuais afinidades ou especificidades caracterizam localmente esses processos de transfer\u00eancia cultural, quando colocados em paralelo comparatista com outros espa\u00e7os insulares?<\/span><\/p>\n<p><span style=\"color: #008080;\">Estas ser\u00e3o algumas das quest\u00f5es que nortear\u00e3o os trabalhos transdisciplinares a integrar na linha de investiga\u00e7\u00e3o aqui apresentada. Apostar-se-\u00e1, sobretudo e com base em respetivos quadros te\u00f3ricos (Michel Espagne e outros), em an\u00e1lises de casos de estudo.<\/span><\/p>\n<p><b><span style=\"color: #008080;\">Encontros acad\u00e9micos e de divulga\u00e7\u00e3o cient\u00edfica:<\/span><\/b><\/p>\n<ul>\n<li><span style=\"color: #033b3b;\"><strong>\u00a0<a style=\"color: #033b3b;\" href=\"http:\/\/www4.uma.pt\/cierl\/?page_id=3845\">II Jornada <span style=\"color: #033b3b;\">UMa-CIERL. Turismo<\/span> e Culturas Insulares &#8211; 2 Nov. 2016<\/a>\u00a0<\/strong><\/span><\/li>\n<li style=\"text-align: justify;\"><span style=\"color: #033b3b;\"><strong>Semin\u00e1rio UMa-CIERL. <span style=\"color: #339966;\"><a style=\"color: #339966;\" href=\"http:\/\/www4.uma.pt\/cierl\/?page_id=4141\">The Map of\u00a0a Woman. The Topography of Selfhood in the Work of Mary Rose Callaghan,Emma Donoghue, Mary Dorcey, Deirdre Madden,and Mary Morrissy<\/a><\/span>\u00a0\u00a0(Zuzanna Sanches)\u00a0&#8211; 28 Out. 2016<\/strong><\/span><\/li>\n<\/ul>\n<p><b><span style=\"color: #008080;\">Projetos:<\/span><\/b><\/p>\n<ul style=\"list-style-type: circle;\">\n<li><span style=\"color: #008080;\">(em prepara\u00e7\u00e3o)<\/span><\/li>\n<\/ul>\n<p><span style=\"color: #008080;\"><strong>Publica\u00e7\u00f5es:<\/strong><\/span><\/p>\n<ul style=\"list-style-type: circle;\">\n<li><span style=\"color: #008080;\">(a ser apresentado)<\/span><\/li>\n<\/ul>\n<p><span style=\"color: #008080;\"><strong><em>Varia:<\/em>\u00a0<\/strong><\/span><\/p>\n<ul style=\"list-style-type: circle;\">\n<li><span style=\"color: #008080;\">(<span style=\"color: #008080;\">a ser apresentado<\/span>)<\/span><\/li>\n<\/ul>\n","protected":false},"excerpt":{"rendered":"<p>Mobilidade e Transfer\u00eancia Culturais em Contextos Insulares &nbsp; &nbsp; Autoria e coordena\u00e7\u00e3o: Anne Martina Emonts Institui\u00e7\u00e3o de acolhimento: UMa-CIERL Equipa de investigadores: Anne Martina Emonts; Ana Salgueiro; Duarte Santo; outros ainda a confirmar Design do Logo: Lia Caldeira &nbsp; Resumo de apresenta\u00e7\u00e3o da Linha de Investiga\u00e7\u00e3o: \u00a0Ilhas, e em particular o Arquip\u00e9lago da Madeira, foram &#8230; <a title=\"Cultural Mobility &#038; Transfer in Island Contexts\" class=\"read-more\" href=\"https:\/\/cierl.uma.pt\/?page_id=356\" aria-label=\"More on Cultural Mobility &#038; Transfer in Island Contexts\">Read more<\/a><\/p>\n","protected":false},"author":4,"featured_media":0,"parent":177,"menu_order":0,"comment_status":"closed","ping_status":"open","template":"","meta":{"footnotes":""},"language":[6],"class_list":{"0":"post-356","1":"page","2":"type-page","3":"status-publish","5":"language-pt_pt"},"_links":{"self":[{"href":"https:\/\/cierl.uma.pt\/index.php?rest_route=\/wp\/v2\/pages\/356","targetHints":{"allow":["GET"]}}],"collection":[{"href":"https:\/\/cierl.uma.pt\/index.php?rest_route=\/wp\/v2\/pages"}],"about":[{"href":"https:\/\/cierl.uma.pt\/index.php?rest_route=\/wp\/v2\/types\/page"}],"author":[{"embeddable":true,"href":"https:\/\/cierl.uma.pt\/index.php?rest_route=\/wp\/v2\/users\/4"}],"replies":[{"embeddable":true,"href":"https:\/\/cierl.uma.pt\/index.php?rest_route=%2Fwp%2Fv2%2Fcomments&post=356"}],"version-history":[{"count":46,"href":"https:\/\/cierl.uma.pt\/index.php?rest_route=\/wp\/v2\/pages\/356\/revisions"}],"predecessor-version":[{"id":12233,"href":"https:\/\/cierl.uma.pt\/index.php?rest_route=\/wp\/v2\/pages\/356\/revisions\/12233"}],"up":[{"embeddable":true,"href":"https:\/\/cierl.uma.pt\/index.php?rest_route=\/wp\/v2\/pages\/177"}],"wp:attachment":[{"href":"https:\/\/cierl.uma.pt\/index.php?rest_route=%2Fwp%2Fv2%2Fmedia&parent=356"}],"wp:term":[{"taxonomy":"language","embeddable":true,"href":"https:\/\/cierl.uma.pt\/index.php?rest_route=%2Fwp%2Fv2%2Flanguage&post=356"}],"curies":[{"name":"wp","href":"https:\/\/api.w.org\/{rel}","templated":true}]}}