 {"id":354,"date":"2015-03-27T15:24:15","date_gmt":"2015-03-27T15:24:15","guid":{"rendered":"http:\/\/www4.uma.pt\/cierl\/?page_id=354"},"modified":"2016-02-18T12:53:02","modified_gmt":"2016-02-18T12:53:02","slug":"arte-e-design-no-espaco-publico","status":"publish","type":"page","link":"https:\/\/cierl.uma.pt\/?page_id=354","title":{"rendered":"Arte e Design no Espa\u00e7o P\u00fablico"},"content":{"rendered":"<p><strong>Autoria<\/strong>\u00a0: \u00c1rea de Estudos Art\u00edsticos do CIERL-UMa<\/p>\n<p><strong>Coordena\u00e7\u00e3o<\/strong>: V\u00edtor Magalh\u00e3es e Duarte Encarna\u00e7\u00e3o<\/p>\n<p><strong>Institui\u00e7\u00f5es de acolhimento<\/strong>: CIERL-UMa<\/p>\n<p><strong>Equipa de investigadores<\/strong>: Duarte Encarna\u00e7\u00e3o, Paulo Freitas e outros investigadores a confirmar<\/p>\n<p><strong>Sinopse<\/strong>: O estudo dever\u00e1 partir da d\u00e9cada de 1990, mais precisamente a partir de 1996, sendo ele tamb\u00e9m retroativo e tendo como base um outro invent\u00e1rio: Sainz-Trueva, Jos\u00e9 &amp; Ver\u00edssimo, Nelson (1996), Esculturas da Regi\u00e3o Aut\u00f3noma da Madeira, invent\u00e1rio, Funchal: DRAC. O projeto, por sua vez, \u00bb ARTE E DESIGN NO ESPA\u00c7O P\u00daBLICO CENTRO DE INVESTIGA\u00c7\u00c3O EM ESTUDOS REGIONAIS E LOCAIS CIERL UNIVERSIDADE DA MADEIRA pretende desenvolver um trabalho comparativo no dom\u00ednio territorial da Macaron\u00e9sia, tendo em conta os pressupostos do \u201ccampo expandido\u201d e da \u201cespecificidade do lugar\u201d (Krauss, Brea, Armajani, Maderuelo, Hal Foster, Rendell, et al.), assim como de teorias contempor\u00e2neas sobre a utiliza\u00e7\u00e3o do espa\u00e7o p\u00fablico.<\/p>\n<p>A linha de investiga\u00e7\u00e3o acolher\u00e1 projectos individuais e colectivos centrados em quest\u00f5es relacionadas com a presen\u00e7a da arte e do design no espa\u00e7o p\u00fablico.<\/p>\n<p><strong>Projectos j\u00e1 integrados na linha de investiga\u00e7\u00e3o<\/strong>:<\/p>\n<p>* Duarte Encarna\u00e7\u00e3o e Paulo Freitas, INVENT\u00c1RIO INTERPRETATIVO E CR\u00cdTICO SOBRE A ESCULTURA NO ESPA\u00c7O P\u00daBLICO DO ARQUIP\u00c9LAGO DA MADEIRA DESDE A IMPLEMENTA\u00c7\u00c3O DA AUTONOMIA POL\u00cdTICA<\/p>\n<p>&nbsp;<\/p>\n","protected":false},"excerpt":{"rendered":"<p>Autoria\u00a0: \u00c1rea de Estudos Art\u00edsticos do CIERL-UMa Coordena\u00e7\u00e3o: V\u00edtor Magalh\u00e3es e Duarte Encarna\u00e7\u00e3o Institui\u00e7\u00f5es de acolhimento: CIERL-UMa Equipa de investigadores: Duarte Encarna\u00e7\u00e3o, Paulo Freitas e outros investigadores a confirmar Sinopse: O estudo dever\u00e1 partir da d\u00e9cada de 1990, mais precisamente a partir de 1996, sendo ele tamb\u00e9m retroativo e tendo como base um outro invent\u00e1rio: &#8230; <a title=\"Arte e Design no Espa\u00e7o P\u00fablico\" class=\"read-more\" href=\"https:\/\/cierl.uma.pt\/?page_id=354\" aria-label=\"More on Arte e Design no Espa\u00e7o P\u00fablico\">Read more<\/a><\/p>\n","protected":false},"author":4,"featured_media":0,"parent":177,"menu_order":0,"comment_status":"closed","ping_status":"open","template":"","meta":{"footnotes":""},"language":[6],"class_list":{"0":"post-354","1":"page","2":"type-page","3":"status-publish","5":"language-pt_pt"},"_links":{"self":[{"href":"https:\/\/cierl.uma.pt\/index.php?rest_route=\/wp\/v2\/pages\/354","targetHints":{"allow":["GET"]}}],"collection":[{"href":"https:\/\/cierl.uma.pt\/index.php?rest_route=\/wp\/v2\/pages"}],"about":[{"href":"https:\/\/cierl.uma.pt\/index.php?rest_route=\/wp\/v2\/types\/page"}],"author":[{"embeddable":true,"href":"https:\/\/cierl.uma.pt\/index.php?rest_route=\/wp\/v2\/users\/4"}],"replies":[{"embeddable":true,"href":"https:\/\/cierl.uma.pt\/index.php?rest_route=%2Fwp%2Fv2%2Fcomments&post=354"}],"version-history":[{"count":5,"href":"https:\/\/cierl.uma.pt\/index.php?rest_route=\/wp\/v2\/pages\/354\/revisions"}],"predecessor-version":[{"id":1006,"href":"https:\/\/cierl.uma.pt\/index.php?rest_route=\/wp\/v2\/pages\/354\/revisions\/1006"}],"up":[{"embeddable":true,"href":"https:\/\/cierl.uma.pt\/index.php?rest_route=\/wp\/v2\/pages\/177"}],"wp:attachment":[{"href":"https:\/\/cierl.uma.pt\/index.php?rest_route=%2Fwp%2Fv2%2Fmedia&parent=354"}],"wp:term":[{"taxonomy":"language","embeddable":true,"href":"https:\/\/cierl.uma.pt\/index.php?rest_route=%2Fwp%2Fv2%2Flanguage&post=354"}],"curies":[{"name":"wp","href":"https:\/\/api.w.org\/{rel}","templated":true}]}}