 {"id":2251,"date":"2016-03-02T15:08:45","date_gmt":"2016-03-02T15:08:45","guid":{"rendered":"http:\/\/www4.uma.pt\/cierl\/?page_id=2251"},"modified":"2016-03-07T16:43:33","modified_gmt":"2016-03-07T16:43:33","slug":"paulo-esteireiro","status":"publish","type":"page","link":"https:\/\/cierl.uma.pt\/?page_id=2251","title":{"rendered":"Paulo Esteireiro"},"content":{"rendered":"<p><span style=\"color: #003366;\"><strong>Paulo Esteireiro<\/strong> \u00e9 colaborador da Secretaria Regional de Educa\u00e7\u00e3o. \u00c9 licenciado, mestre e doutorado em Ci\u00eancias Musicais pela Universidade Nova de Lisboa, tendo obtido nos estudos de mestrado e doutoramento a classifica\u00e7\u00e3o m\u00e1xima por unanimidade do j\u00fari.<\/span><\/p>\n<p><span style=\"color: #003366;\">No dom\u00ednio editorial, \u00e9 autor e coordenador de v\u00e1rias publica\u00e7\u00f5es, entre as quais se destacam <em>Estudos sobre Educa\u00e7\u00e3o e Cultura<\/em> (AREArt\u00edstica), <em>Uma Hist\u00f3ria Social do Piano<\/em> (Edi\u00e7\u00f5es Colibri),\u00a0 <em>10 Novas Composi\u00e7\u00f5es para Braguinha<\/em> (AREArt\u00edstica), <em>M\u00fasicos Interpretam Cam\u00f5es<\/em> (FCG-Imprensa Nacional-Casa da Moeda), <em>50 Hist\u00f3rias de M\u00fasicos na Madeira<\/em> (Funchal 500 Anos) e <em>Regionaliza\u00e7\u00e3o do Curr\u00edculo de Educa\u00e7\u00e3o Musical no 2.\u00ba Ciclo do Ensino B\u00e1sico<\/em> (Dire\u00e7\u00e3o Regional de Educa\u00e7\u00e3o). \u00c9 diretor da <em>Revista Portuguesa de Educa\u00e7\u00e3o Art\u00edstica<\/em> (publica\u00e7\u00e3o indexada) e coordenador da Cole\u00e7\u00e3o Madeira M\u00fasica, s\u00e9rie editorial que publicou nove CD-Rom+\u00c1udio com obras musicais hist\u00f3ricas madeirenses dos s\u00e9culos XIX e XX.<\/span><\/p>\n<p><span style=\"color: #003366;\">Foi professor adjunto convidado do Instituto Superior de Ci\u00eancias Educativas (2008-2014), professor assistente convidado da Escola Superior de Educa\u00e7\u00e3o de Set\u00fabal (2008-2012) e assistente do 1.\u00ba tri\u00e9nio da Escola Superior de Educa\u00e7\u00e3o de Bragan\u00e7a (2002-2005). Leccionou Hist\u00f3ria da M\u00fasica na Escola Profissional de M\u00fasica de Almada (10.\u00ba ao 12.\u00ba ano) e foi Director Pedag\u00f3gico da Academia Musical da Ilha Graciosa e da Escola Profissional da Ilha Graciosa.<\/span><\/p>\n<p><span style=\"color: #003366;\">Tem escrito v\u00e1rios artigos na \u00e1rea da musicologia e da pedagogia, para v\u00e1rias revistas e publica\u00e7\u00f5es da especialidade, tais como a <em>Revista Converg\u00eancia Lus\u00edada<\/em>, a <em>Revista da Associa\u00e7\u00e3o Portuguesa de Educa\u00e7\u00e3o Musical<\/em>, a <em>Revista Itiner\u00e1rios<\/em>, <em>a Revista EduSer<\/em>, a <em>Revista Xarabanda<\/em>, a <em>Revista Islenha <\/em>e a <em>Revista Portuguesa de Educa\u00e7\u00e3o Art\u00edstica<\/em>. Participa regularmente com v\u00e1rias comunica\u00e7\u00f5es e confer\u00eancias em F\u00f3runs e Encontros especializados em artes e educa\u00e7\u00e3o em Portugal, Brasil, It\u00e1lia, Pol\u00f3nia e Esc\u00f3cia.<\/span><\/p>\n<p><span style=\"color: #003366;\">No dom\u00ednio da comunica\u00e7\u00e3o social foi cr\u00edtico musical da revista espanhola \u00d3pera Actual para o Teatro Nacional de S\u00e3o Carlos de Lisboa (2000-2010), colaborador permanente da sec\u00e7\u00e3o de m\u00fasica do Jornal de Letras, Artes e Ideias (2000-2007), colaborador regular no Di\u00e1rio de Not\u00edcias da Madeira, entre 2005 e 2010, e no Jornal da Madeira (2010-2016). Foi autor de duas s\u00e9ries de 12 document\u00e1rios para a RTP-M, intituladas de &#8220;M\u00fasicos Madeirenses&#8221;.<\/span><\/p>\n","protected":false},"excerpt":{"rendered":"<p>Paulo Esteireiro \u00e9 colaborador da Secretaria Regional de Educa\u00e7\u00e3o. \u00c9 licenciado, mestre e doutorado em Ci\u00eancias Musicais pela Universidade Nova de Lisboa, tendo obtido nos estudos de mestrado e doutoramento a classifica\u00e7\u00e3o m\u00e1xima por unanimidade do j\u00fari. No dom\u00ednio editorial, \u00e9 autor e coordenador de v\u00e1rias publica\u00e7\u00f5es, entre as quais se destacam Estudos sobre Educa\u00e7\u00e3o &#8230; <a title=\"Paulo Esteireiro\" class=\"read-more\" href=\"https:\/\/cierl.uma.pt\/?page_id=2251\" aria-label=\"More on Paulo Esteireiro\">Read more<\/a><\/p>\n","protected":false},"author":4,"featured_media":2463,"parent":181,"menu_order":0,"comment_status":"closed","ping_status":"closed","template":"","meta":{"footnotes":""},"language":[6],"class_list":{"0":"post-2251","1":"page","2":"type-page","3":"status-publish","4":"has-post-thumbnail","6":"language-pt_pt"},"_links":{"self":[{"href":"https:\/\/cierl.uma.pt\/index.php?rest_route=\/wp\/v2\/pages\/2251","targetHints":{"allow":["GET"]}}],"collection":[{"href":"https:\/\/cierl.uma.pt\/index.php?rest_route=\/wp\/v2\/pages"}],"about":[{"href":"https:\/\/cierl.uma.pt\/index.php?rest_route=\/wp\/v2\/types\/page"}],"author":[{"embeddable":true,"href":"https:\/\/cierl.uma.pt\/index.php?rest_route=\/wp\/v2\/users\/4"}],"replies":[{"embeddable":true,"href":"https:\/\/cierl.uma.pt\/index.php?rest_route=%2Fwp%2Fv2%2Fcomments&post=2251"}],"version-history":[{"count":4,"href":"https:\/\/cierl.uma.pt\/index.php?rest_route=\/wp\/v2\/pages\/2251\/revisions"}],"predecessor-version":[{"id":2465,"href":"https:\/\/cierl.uma.pt\/index.php?rest_route=\/wp\/v2\/pages\/2251\/revisions\/2465"}],"up":[{"embeddable":true,"href":"https:\/\/cierl.uma.pt\/index.php?rest_route=\/wp\/v2\/pages\/181"}],"wp:featuredmedia":[{"embeddable":true,"href":"https:\/\/cierl.uma.pt\/index.php?rest_route=\/wp\/v2\/media\/2463"}],"wp:attachment":[{"href":"https:\/\/cierl.uma.pt\/index.php?rest_route=%2Fwp%2Fv2%2Fmedia&parent=2251"}],"wp:term":[{"taxonomy":"language","embeddable":true,"href":"https:\/\/cierl.uma.pt\/index.php?rest_route=%2Fwp%2Fv2%2Flanguage&post=2251"}],"curies":[{"name":"wp","href":"https:\/\/api.w.org\/{rel}","templated":true}]}}