 {"id":177,"date":"2015-03-17T10:37:46","date_gmt":"2015-03-17T10:37:46","guid":{"rendered":"http:\/\/www4.uma.pt\/cierl\/?page_id=177"},"modified":"2020-08-24T18:08:53","modified_gmt":"2020-08-24T18:08:53","slug":"investigacao","status":"publish","type":"page","link":"https:\/\/cierl.uma.pt\/?page_id=177","title":{"rendered":"Investiga\u00e7\u00e3o"},"content":{"rendered":"<p><strong><span style=\"color: #999999;\">A decorrer:<\/span><\/strong><\/p>\n<ul>\n<li><a href=\"http:\/\/www4.uma.pt\/cierl\/?page_id=367\">Arpofama-CIERL &#8211; Arquivo do Portugu\u00eas Falado no Arquip\u00e9lago da Madeira do CIERL<\/a>\u00a0<span style=\"color: #e6e3e3;\">| Projeto de investiga\u00e7\u00e3o<\/span><\/li>\n<li><a href=\"http:\/\/www4.uma.pt\/cierl\/?page_id=356\">Cultural Mobility &amp; Transfer in Island Contexts \u2013 Case studies<\/a> [<em>Mobilidade<\/em><em>\u00a0e Transfer\u00eancia\u00a0Culturais<\/em> em Contextos Insulares \u2013 Estudos de caso]\u00a0<span style=\"color: #e6e3e3;\"> | Linha de investiga\u00e7\u00e3o<\/span><\/li>\n<li><a href=\"http:\/\/www4.uma.pt\/cierl\/?page_id=3033\">Grupo PAISAGEM | UMa-CIERL<\/a>\u00a0<span style=\"color: #e6e3e3;\">| Grupo de investiga\u00e7\u00e3o<\/span><\/li>\n<li><a href=\"http:\/\/www4.uma.pt\/cierl\/?page_id=523\">ICPA &#8211; Investiga\u00e7\u00e3o em Psicologia Anomal\u00edstica da Universidade da Madeira<\/a>\u00a0<span style=\"color: #e6e3e3;\">| Projeto de investiga\u00e7\u00e3o<\/span><\/li>\n<li><a href=\"http:\/\/www4.uma.pt\/cierl\/?page_id=362\">NIT | N\u00facleo de Investiga\u00e7\u00e3o Tratu\u00e1rio. Percursos para a Hist\u00f3ria da Cultura Madeirense<\/a>\u00a0<span style=\"color: #e6e3e3;\">| N\u00facleo de investiga\u00e7\u00e3o<\/span><\/li>\n<li><a href=\"http:\/\/www4.uma.pt\/cierl\/?page_id=29972\" target=\"_blank\" rel=\"noopener\">N\u00facleo de Investiga\u00e7\u00e3o Estudos Herberto Helder\u00a0<\/a>\u00a0<span style=\"color: #e6e3e3;\">| N\u00facleo de investiga\u00e7\u00e3o<\/span><\/li>\n<li><a href=\"http:\/\/www4.uma.pt\/cierl\/?page_id=30086&amp;preview=true\" target=\"_blank\" rel=\"noopener\"><span style=\"color: #000080;\">Projeto \u201cOs rostos da regenera\u00e7\u00e3o\u201d<\/span><\/a><\/li>\n<\/ul>\n<p>&nbsp;<\/p>\n<p><strong><span style=\"color: #999999;\">Outras<\/span><\/strong><span style=\"color: #999999;\">\u00a0(conclu\u00eddas ou presentemente inativas)<\/span><span style=\"color: #999999;\">:<\/span><\/p>\n<ul style=\"list-style-type: circle;\">\n<li><a href=\"http:\/\/www4.uma.pt\/cierl\/?page_id=354\">Arte e Design no Espa\u00e7o P\u00fablico<\/a>\u00a0<span style=\"color: #e6e3e3;\">| Linha de Investiga\u00e7\u00e3o<\/span><\/li>\n<li><a href=\"http:\/\/www4.uma.pt\/cierl\/?page_id=360\">Imagem e Territ\u00f3rio: Iconografia da Ilha da Madeira<\/a>\u00a0<span style=\"color: #e6e3e3;\">| Linha de Investiga\u00e7\u00e3o<\/span><\/li>\n<li><a href=\"http:\/\/www4.uma.pt\/cierl\/?page_id=998\">Capacita\u00e7\u00e3o de Alunos na RAM<\/a>\u00a0<span style=\"color: #e6e3e3;\">| Projeto de investiga\u00e7\u00e3o<\/span><\/li>\n<li><a href=\"http:\/\/www4.uma.pt\/cierl\/?page_id=519\">Carta da Convivialidade Escolar<\/a>\u00a0<span style=\"color: #e6e3e3;\">| Projeto de investiga\u00e7\u00e3o<\/span><\/li>\n<li><a href=\"http:\/\/www4.uma.pt\/cierl\/?page_id=333\">DMDM \u2013(Des)Mem\u00f3ria de desastre? Cultura e perigos naturais. Madeira, um caso de estudo<\/a>\u00a0<span style=\"color: #e6e3e3;\">| Projeto de investiga\u00e7\u00e3o<\/span><\/li>\n<li><a href=\"http:\/\/www4.uma.pt\/cierl\/?page_id=369\">HumanCultTransform_Climate Change, Human Development &amp; Cultural Citizenship Transformation<\/a>\u00a0<span style=\"color: #e6e3e3;\">| Projeto de investiga\u00e7\u00e3o<\/span><\/li>\n<li><a href=\"http:\/\/www4.uma.pt\/cierl\/?page_id=4062\">MERAM &#8211; Para um Museu da Emigra\u00e7\u00e3o na Regi\u00e3o Aut\u00f3noma da Madeira<\/a>\u00a0<span style=\"color: #e6e3e3;\">| Projeto de investiga\u00e7\u00e3o<\/span><\/li>\n<li><a href=\"http:\/\/www4.uma.pt\/cierl\/?page_id=521\">N\u00facleo da Fam\u00edlia e Aconselhamento Parental<\/a>\u00a0<span style=\"color: #e6e3e3;\">| Projeto de investiga\u00e7\u00e3o<\/span><\/li>\n<\/ul>\n","protected":false},"excerpt":{"rendered":"<p>A decorrer: Arpofama-CIERL &#8211; Arquivo do Portugu\u00eas Falado no Arquip\u00e9lago da Madeira do CIERL\u00a0| Projeto de investiga\u00e7\u00e3o Cultural Mobility &amp; Transfer in Island Contexts \u2013 Case studies [Mobilidade\u00a0e Transfer\u00eancia\u00a0Culturais em Contextos Insulares \u2013 Estudos de caso]\u00a0 | Linha de investiga\u00e7\u00e3o Grupo PAISAGEM | UMa-CIERL\u00a0| Grupo de investiga\u00e7\u00e3o ICPA &#8211; Investiga\u00e7\u00e3o em Psicologia Anomal\u00edstica da Universidade &#8230; <a title=\"Investiga\u00e7\u00e3o\" class=\"read-more\" href=\"https:\/\/cierl.uma.pt\/?page_id=177\" aria-label=\"More on Investiga\u00e7\u00e3o\">Read more<\/a><\/p>\n","protected":false},"author":3,"featured_media":0,"parent":0,"menu_order":0,"comment_status":"closed","ping_status":"open","template":"","meta":{"footnotes":""},"language":[6],"class_list":{"0":"post-177","1":"page","2":"type-page","3":"status-publish","5":"language-pt_pt"},"_links":{"self":[{"href":"https:\/\/cierl.uma.pt\/index.php?rest_route=\/wp\/v2\/pages\/177","targetHints":{"allow":["GET"]}}],"collection":[{"href":"https:\/\/cierl.uma.pt\/index.php?rest_route=\/wp\/v2\/pages"}],"about":[{"href":"https:\/\/cierl.uma.pt\/index.php?rest_route=\/wp\/v2\/types\/page"}],"author":[{"embeddable":true,"href":"https:\/\/cierl.uma.pt\/index.php?rest_route=\/wp\/v2\/users\/3"}],"replies":[{"embeddable":true,"href":"https:\/\/cierl.uma.pt\/index.php?rest_route=%2Fwp%2Fv2%2Fcomments&post=177"}],"version-history":[{"count":36,"href":"https:\/\/cierl.uma.pt\/index.php?rest_route=\/wp\/v2\/pages\/177\/revisions"}],"predecessor-version":[{"id":30088,"href":"https:\/\/cierl.uma.pt\/index.php?rest_route=\/wp\/v2\/pages\/177\/revisions\/30088"}],"wp:attachment":[{"href":"https:\/\/cierl.uma.pt\/index.php?rest_route=%2Fwp%2Fv2%2Fmedia&parent=177"}],"wp:term":[{"taxonomy":"language","embeddable":true,"href":"https:\/\/cierl.uma.pt\/index.php?rest_route=%2Fwp%2Fv2%2Flanguage&post=177"}],"curies":[{"name":"wp","href":"https:\/\/api.w.org\/{rel}","templated":true}]}}