 {"id":173,"date":"2015-03-17T10:35:03","date_gmt":"2015-03-17T10:35:03","guid":{"rendered":"http:\/\/www4.uma.pt\/cierl\/?page_id=173"},"modified":"2020-02-19T12:33:27","modified_gmt":"2020-02-19T12:33:27","slug":"sobre","status":"publish","type":"page","link":"https:\/\/cierl.uma.pt\/?page_id=173","title":{"rendered":"Sobre"},"content":{"rendered":"<p>Criado em 2007 por proposta do antigo Departamento de Estudos Roman\u00edsticos da Universidade da Madeira, com aprova\u00e7\u00e3o em Senado datada de 25 de Julho de 2007, o CIERL \u2013 Centro de Investiga\u00e7\u00e3o em Estudos Regionais e Locais da Universidade da Madeira \u00e9 um centro de estudos multidisciplinar, hoje integrado na Faculdade de Artes e Humanidades da Universidade da Madeira, com sede no Campus Universit\u00e1rio da Penteada (Gabinete 1.74, 1.\u00ba piso).<\/p>\n<p>Constitu\u00eddo por 71\u00a0investigadores (40 doutorados, 22\u00a0mestres e 9\u00a0licenciados), associados n\u00e3o apenas \u00e0 UMa, mas tamb\u00e9m a diversas outras institui\u00e7\u00f5es acad\u00e9micas nacionais e estrangeiras, o CIERL definiu como \u00e1reas de investiga\u00e7\u00e3o priorit\u00e1rias no \u00e2mbito dos Estudos Regionais e Locais as seguintes:<\/p>\n<ol>\n<li>Hist\u00f3ria e Estudos de Mem\u00f3ria;<\/li>\n<li>Estudos de Cultura;<\/li>\n<li>Estudos Liter\u00e1rios;<\/li>\n<li>Estudos Art\u00edsticos;<\/li>\n<li>Estudos Lingu\u00edsticos;<\/li>\n<li>Estudos Pol\u00edticos;<\/li>\n<li>Psicologia;<\/li>\n<li>Estudos de Turismo.<\/li>\n<\/ol>\n<p>Os objectivos gerais do UMa-CIERL orientam-se, assim, em tr\u00eas linhas estrat\u00e9gicas, definidas n\u00e3o apenas pela prioridade atribu\u00edda \u00e0s \u00e1reas de investiga\u00e7\u00e3o acima enunciadas, mas tamb\u00e9m tendo em linha de conta a an\u00e1lise das conclus\u00f5es e sugest\u00f5es apresentadas pela ARDITI \u00a0(Ag\u00eancia Regional para o Desenvolvimento da Investiga\u00e7\u00e3o Tecnologia e Inova\u00e7\u00e3o),\u00a0em Julho de 2014, aquando da publica\u00e7\u00e3o da Estrat\u00e9gia Regional de Especializa\u00e7\u00e3o Inteligente &#8211; Madeira2020, esta, por sua vez, integrada na Estrat\u00e9gia de Investiga\u00e7\u00e3o, Desenvolvimento Tecnol\u00f3gico e Inova\u00e7\u00e3o da RAM, alinhada com a estrat\u00e9gia RIS3 e com a agenda Europa 2020.<\/p>\n<p>Essas tr\u00eas linhas estrat\u00e9gicas s\u00e3o as seguintes:<\/p>\n<p>1.\u00a0Promover a investiga\u00e7\u00e3o cient\u00edfica na \u00e1rea transdisciplinar dos Estudos Regionais e Locais e em particular no \u00e2mbito das \u00e1reas de investiga\u00e7\u00e3o definidas pelo UMa-CIERL como priorit\u00e1rias, contribuindo, assim, para a dinamiza\u00e7\u00e3o do sistema regional de I&amp;DT+I;<\/p>\n<p>2. Contribuir para uma maior e mais eficiente integra\u00e7\u00e3o do trabalho acad\u00e9mico desenvolvido pelo UMa-CIERL na tessitura social, econ\u00f3mica, cultural e pol\u00edtica da RAM, promovendo trabalhos individuais e projectos colectivos orientados pelos princ\u00edpios do rigor, da qualidade e da exig\u00eancia cient\u00edficos, mas tamb\u00e9m pelo princ\u00edpio da responsabilidade social atribu\u00edvel \u00e0 constru\u00e7\u00e3o do saber acad\u00e9mico;<\/p>\n<p>3.\u00a0Estimular a coopera\u00e7\u00e3o intra-institucional do trabalho cient\u00edfico desenvolvido no \u00e2mbito quer do UMa-CIERL, quer da Faculdade de Artes e Humanidades \u00a0com outras faculdades e respectivas \u00e1reas de especializa\u00e7\u00e3o existentes na UMa, apostando tamb\u00e9m na internacionaliza\u00e7\u00e3o e coopera\u00e7\u00e3o inter-institucional com outros centros de investiga\u00e7\u00e3o e universidades nacionais e estrangeiras, como forma de actualiza\u00e7\u00e3o, divulga\u00e7\u00e3o e valoriza\u00e7\u00e3o do trabalho produzido pelos seus investigadores.<\/p>\n<p>Neste sentido, o UMa-CIERL tem vindo a apostar no estabelecimento de parcerias (formais e informais) de coopera\u00e7\u00e3o com diversas institui\u00e7\u00f5es acad\u00e9micas e n\u00e3o-acad\u00e9micas, regionais, nacionais e internacionais, nomeadamente:<\/p>\n<ul>\n<li>AAUMa \u2013 Associa\u00e7\u00e3o Acad\u00e9mica da UMa<\/li>\n<li>ARBPM &#8211; Arquivo Regional e Biblioteca P\u00fablica\u00a0da Madeira | DRC\/SRETC<\/li>\n<li><a href=\"http:\/\/www.contigoteatro.com\/\"><span style=\"color: #313282;\">Associa\u00e7\u00e3o Contigo Teatro<\/span><\/a>;<\/li>\n<li>Associa\u00e7\u00e3o Insular de Geografia<\/li>\n<li><a href=\"http:\/\/xarabanda.pt\/\"><span style=\"color: #313282;\">Associa\u00e7\u00e3o Musical e Cultural Xarabanda<\/span><\/a><\/li>\n<li>C\u00e2mara Municipal do Funchal<\/li>\n<li><a href=\"http:\/\/cecc.fch.lisboa.ucp.pt\/pt\/\">CECC &#8211; Centro de Estudos de Comunica\u00e7\u00e3o e Cultura da Universidade Cat\u00f3lica Portuguesa<\/a><\/li>\n<li>Comando da Zona Militar da Madeira<\/li>\n<li>CHUL \u2013 Centro de Hist\u00f3ria da Universidade de Lisboa (em formaliza\u00e7\u00e3o)<\/li>\n<li>Imprensa Acad\u00e9mica<\/li>\n<li><a href=\"https:\/\/www.um.edu.mt\/ies\">Institute of Earth Systems | University of Malta<\/a><\/li>\n<li><a href=\"http:\/\/www.islanddynamics.org\/\">Island Dynamics<\/a><\/li>\n<li>MUDAS &#8211; Museu de Arte Contempor\u00e2nea da Madeira<\/li>\n<li>Museu de Arte Sacra do Funchal<\/li>\n<li>Museu Henrique e Francisco Franco | CMF<\/li>\n<li>Ordem dos Arquitetos &#8211; Delega\u00e7\u00e3o da Madeira<\/li>\n<li>Porta33<\/li>\n<li>Secretaria Regional da Educa\u00e7\u00e3o<\/li>\n<li>Secretaria Regional da Economia, Turismo e Cultura | Dire\u00e7\u00e3o Regional de Cultura<\/li>\n<li>Secretaria Regional do Ambiente e dos Recursos Naturais<\/li>\n<li>Teatro Municipal Baltazar Dias | CMF<\/li>\n<li>V\u00e9rtice. Em Leg\u00edtima Defesa da Poesia Insular<\/li>\n<li><a href=\"http:\/\/wamae.pt\/projectos\/lugar-place\/place-in-legitima-defesa-2016\/\"><span style=\"color: #313282;\">WAM\u00c3E<\/span><\/a><\/li>\n<\/ul>\n<p>De igual modo, investigadores e projectos do CIERL t\u00eam colaborado com diversos grupos e \u00f3rg\u00e3os da UMa, nomeadamente:<\/p>\n<ul>\n<li>CDA &#8211; Centro de Desenvolvimento Acad\u00e9mico<\/li>\n<li>Clube Universit\u00e1rio de Cinema<\/li>\n<li>Conselho de Cultura<\/li>\n<\/ul>\n<p>Embora criado em 2007, s\u00f3 a partir de 2013, o UMa-CIERL reuniu condi\u00e7\u00f5es para passar a dinamizar efectivamente um plano sustentado de actividades cient\u00edficas, formativas e de marketing social. Entre estas destacam-se tr\u00eas linhas de investiga\u00e7\u00e3o 6 projectos de investiga\u00e7\u00e3o:<\/p>\n<p><strong>Linhas de Investiga\u00e7\u00e3o:<\/strong><\/p>\n<ul style=\"list-style-type: circle;\">\n<li><a href=\"http:\/\/www4.uma.pt\/cierl\/?page_id=354\">Arte e Design no Espa\u00e7o P\u00fablico<\/a><\/li>\n<li><a href=\"http:\/\/www4.uma.pt\/cierl\/?page_id=356\">Cultural Mobility &amp; Transfer in Island Contexts \u2013 Case studies <\/a>[<em>Mobilidade<\/em><em>\u00a0e Transfer\u00eancia\u00a0Cultural<\/em> em Contextos Insulares \u2013 Estudos de caso]<\/li>\n<li><a href=\"http:\/\/www4.uma.pt\/cierl\/?page_id=360\">Imagem e Territ\u00f3rio: Iconografia da Ilha da Madeira<\/a>:\n<ul>\n<li>A Paisagem Madeirense: a Natureza e a sua Representa\u00e7\u00e3o na Pintura e na Fotografia (projecto);<\/li>\n<li>Da Constru\u00e7\u00e3o de um Olhar End\u00e9mico. Artistas Insulares e a No\u00e7\u00e3o de Lugar (projecto).<\/li>\n<\/ul>\n<\/li>\n<\/ul>\n<p><strong>Grupos de Trabalho:<\/strong><\/p>\n<ul>\n<li><a href=\"http:\/\/www4.uma.pt\/cierl\/?page_id=3033\">Grupo PAISAGEM | UMa-CIERL<\/a><\/li>\n<\/ul>\n<p><strong>Projectos:<\/strong><\/p>\n<ul style=\"list-style-type: circle;\">\n<li><a href=\"http:\/\/www4.uma.pt\/cierl\/?page_id=367\">Arpofama-CIERL &#8211; Arquivo do Portugu\u00eas Falado no Arquip\u00e9lago da Madeira do CIERL<\/a>;<\/li>\n<li><a href=\"http:\/\/www4.uma.pt\/cierl\/?page_id=998\">Capacita\u00e7\u00e3o de Alunos na RAM<\/a>;<\/li>\n<li><a href=\"http:\/\/www4.uma.pt\/cierl\/?page_id=519\">Carta da Convivialidade Escolar<\/a>;<\/li>\n<li><a href=\"http:\/\/www4.uma.pt\/cierl\/?page_id=333\">DMDM \u2013(Des)Mem\u00f3ria de desastre? Cultura e perigos naturais. Madeira, um caso de estudo<\/a><\/li>\n<li><a href=\"http:\/\/www4.uma.pt\/cierl\/?page_id=369\">HumanCultTransform_Climate Change, Human Development &amp; Cultural Citizenship Transformation <\/a><\/li>\n<li><a href=\"http:\/\/www4.uma.pt\/cierl\/?page_id=523\">Investiga\u00e7\u00e3o Cient\u00edfica em Psicologia Anomal\u00edstica \u2013 ICPA, projecto financiado pela Funda\u00e7\u00e3o Bial<\/a><\/li>\n<li><a href=\"http:\/\/www4.uma.pt\/cierl\/?page_id=521\">N\u00facleo da Fam\u00edlia e Aconselhamento Parental<\/a><\/li>\n<li><a href=\"http:\/\/www4.uma.pt\/cierl\/?page_id=362\">Tratu\u00e1rio. Percursos para a Hist\u00f3ria da Cultura Madeirense<\/a><\/li>\n<\/ul>\n<p><strong>Encontros Acad\u00e9micos:<\/strong><\/p>\n<ul>\n<li><a href=\"http:\/\/www4.uma.pt\/cierl\/?page_id=1909\">2017 &#8211; III Col\u00f3quio Internacional INSULA. Para Al\u00e9m de Natureza &amp; Artif\u00edcio<\/a>\u00a0+ III Island Cities &amp; Urban Archipelagos International Conference<\/li>\n<\/ul>\n<p>&nbsp;<\/p>\n<ul style=\"list-style-type: disc;\">\n<li><span style=\"color: #003366;\">2016 <\/span>\n<ul>\n<li><span style=\"color: #003366;\"><a href=\"http:\/\/www4.uma.pt\/cierl\/?page_id=1855\">II Col\u00f3quio Internacional INSULA. A Grande Guerra e os Espa\u00e7os Insulares<\/a>\u00a0<\/span><\/li>\n<li><a href=\"http:\/\/www4.uma.pt\/cierl\/?page_id=2876\">Congresso Internacional Herberto Helder &#8211; a vida inteira para fundar um poema<\/a><\/li>\n<li><a href=\"http:\/\/www4.uma.pt\/cierl\/?page_id=3845\">II Jornada CIERL. Turismo e Culturas Insulares<\/a><\/li>\n<li>I Jornada CIERL. Limiares e Universos Paralelos: o(s) imagin\u00e1rio(s) de escrita de Ana Teresa Pereira<\/li>\n<li>2.\u00aa semana da Psicologia da UMa<\/li>\n<\/ul>\n<\/li>\n<\/ul>\n<p>&nbsp;<\/p>\n<ul>\n<li><span style=\"color: #003366;\">2015 <\/span>\n<ul>\n<li><span style=\"color: #003366;\">I Col\u00f3quio Internacional INSULA. Discursos Perif\u00e9ricos da(s) Modernidade(s) &#8211; coopera\u00e7\u00e3o UMa-CIERL\/Ordem dos Arquitetos-Delega\u00e7\u00e3o da Madeira\/Porta33\/Clube Universit\u00e1rio de Cinema;<\/span><\/li>\n<li>Semin\u00e1rio Educar com sucesso objetivos partilhados<\/li>\n<li>1\u00aa Semana da Psicologia da UMa<\/li>\n<\/ul>\n<\/li>\n<\/ul>\n<ul>\n<li>2014\n<ul>\n<li>Confer\u00eancia Factores Visuo-vestibulares Associados a Desordens de Ansiedade.<\/li>\n<li>II Confer\u00eancia Mem\u00f3ria e Desastres Naturais na Madeira. Catarse e (Re)Constru\u00e7\u00e3o &#8211; coopera\u00e7\u00e3o UMa-CIERL e UCP-CECC;<\/li>\n<\/ul>\n<\/li>\n<\/ul>\n<p>&nbsp;<\/p>\n<ul>\n<li>2013\n<ul>\n<li>I Col\u00f3quio Internacional (Des)Mem\u00f3ria de Desastre &#8211; coopera\u00e7\u00e3o UMa-CIERL e UCP-CECC;<\/li>\n<li>I Confer\u00eancia Mem\u00f3ria e Desastres Naturais na Madeira. Lembrar, Esquecer, Relembrar? &#8211; coopera\u00e7\u00e3o UMa-CIERL e UCP-CECC.<\/li>\n<\/ul>\n<\/li>\n<\/ul>\n<p><strong>Actividades Formativas:<\/strong><\/p>\n<ul>\n<li><a href=\"http:\/\/www4.uma.pt\/cierl\/?page_id=1371\"><span style=\"color: #313282;\">CURSOS LIVRES E DE P\u00d3S-GRADUA\u00c7\u00c3O, SEMIN\u00c1RIOS E <\/span><em><span style=\"color: #313282;\">WORKSHOPS <\/span><\/em><span style=\"color: #313282;\">DO UMa-CIERL<\/span><\/a><\/li>\n<li>\u00a0<a href=\"http:\/\/www4.uma.pt\/cierl\/?page_id=1375\" target=\"_blank\" rel=\"noopener\"><span style=\"color: #313282;\">LIFE &amp; CULTURE \u2013 INTERDISCIPLINARY OPEN COURSES PROGRAMME<\/span><\/a><\/li>\n<li>Finissage | Conversa \u201cNatureza, arte e espiritualidade: percorrer a obra de Domingas Pita a partir de uma composi\u00e7\u00e3o floral\u201d, dirigida por Martinho P. Mendes em parceria com a Galeria de Arte Francisco Franco, realizado a 16 de abril, na Escola Secund\u00e1ria Francisco Franco, no \u00e2mbito da Linha de Investiga\u00e7\u00e3o<em> Imagem e Territ\u00f3rio: Iconografia da Ilha da Madeira<\/em>;<\/li>\n<li>Workshop Riscos Naturais e Comunidade Local. Construir Resili\u00eancia atrav\u00e9s da Participa\u00e7\u00e3o, sob coordena\u00e7\u00e3o de Sara Bonati, realizado a 23 out. 2013, na sala dos Arcos da Reitoria da UMa, no \u00e2mbito das actividades paralelas ao I Col\u00f3quio Internacional (Des)Mem\u00f3ria de desastre;<\/li>\n<li>Workshop GAP [intervalo limite], sob coordena\u00e7\u00e3o de Teresa Norton Dias, realizado entre 12 e 18 de out. 2013, na sala dos Arcos da Reitoria da UMa, no \u00e2mbito das actividades paralelas ao I Col\u00f3quio Internacional (Des)Mem\u00f3ria de desastre.<\/li>\n<\/ul>\n<p><strong>Eventos Culturais:<\/strong><\/p>\n<ul>\n<li><em>&#8220;Spelling Bee&#8221; &#8211; C<\/em>oncurso de Soletra\u00e7\u00e3o na UMa promovido pela Embaixada Americana<\/li>\n<li>[ON ACCIDENT] <em>O &#8216;acidente&#8217; e o desenho da cidade. O caso da freguesia de S\u00e3o Pedro no Funchal<\/em> &#8211; Exposi\u00e7\u00e3o individual de Paulo Freitas (nov. 2014, sala dos Arcos, edif\u00edcio da Reitoria da Universidade da Madeira);<\/li>\n<li>Ciclo de cinema: <em>a imin\u00eancia do DESASTRE<\/em>\u00a0(Novembro de 2013) &#8211; coopera\u00e7\u00e3o projecto DMDM e o Clube Universit\u00e1rio de Cinema<\/li>\n<li>Exposi\u00e7\u00e3o colectiva de Artes Visuais, <em>Labirinto da Mem\u00f3ria<\/em> (18 out \u2013 17 nov. 2013, sala dos Arcos, edif\u00edcio da Reitoria da Universidade da Madeira).<\/li>\n<\/ul>\n<p><strong>Edi\u00e7\u00f5es:<\/strong><\/p>\n<ul>\n<li><a href=\"http:\/\/www4.uma.pt\/cierl\/?page_id=269\"><em>Boletim do CIERL-UMa<\/em><\/a>;<\/li>\n<li><a href=\"http:\/\/www4.uma.pt\/cierl\/?page_id=288\">Colec\u00e7\u00e3o <em>Tratu\u00e1rio<\/em> <\/a>(parceria UMa-CIERL\/Imprensa Universit\u00e1ria da UMa)<\/li>\n<li><a href=\"http:\/\/www4.uma.pt\/cierl\/?page_id=296\">Colec\u00e7\u00e3o <em>Life, Memory &amp; Culture<\/em><\/a><\/li>\n<li><em><em><a href=\"http:\/\/www4.uma.pt\/cierl\/?page_id=576\">Pensardiverso. Revista de Estudos Lus\u00f3fonos da Universidade da Madeira<\/a><\/em><\/em><\/li>\n<\/ul>\n<p><strong>Conselho Cient\u00edfico do UMa-CIERL<\/strong><\/p>\n<ul>\n<li>Presidente: Professor Doutor Paulo Miguel Rodrigues<\/li>\n<li>Vogais: Professora Doutora Leonor Martins Coelho e Professora Doutora Margarida Pocinho.<\/li>\n<li>Coordenadores de \u00e1reas cient\u00edficas do UMa-CIERL<\/li>\n<\/ul>\n<p>As actividades do UMa-CIERL s\u00e3o divulgadas quer atrav\u00e9s do seu web site <a href=\"http:\/\/www4.uma.pt\/cierl\/\">http:\/\/www4.uma.pt\/cierl\/<\/a> , quer atrav\u00e9s da sua p\u00e1gina oficial na rede Facebook: <a href=\"https:\/\/www.facebook.com\/pages\/CIERL_UMa\/542054579260522\">https:\/\/www.facebook.com\/pages\/CIERL_UMa\/542054579260522<\/a><\/p>\n<p style=\"text-align: right;\">A direc\u00e7\u00e3o do CIERL<\/p>\n<p style=\"text-align: right;\">Setembro de 2015<\/p>\n","protected":false},"excerpt":{"rendered":"<p>Criado em 2007 por proposta do antigo Departamento de Estudos Roman\u00edsticos da Universidade da Madeira, com aprova\u00e7\u00e3o em Senado datada de 25 de Julho de 2007, o CIERL \u2013 Centro de Investiga\u00e7\u00e3o em Estudos Regionais e Locais da Universidade da Madeira \u00e9 um centro de estudos multidisciplinar, hoje integrado na Faculdade de Artes e Humanidades &#8230; <a title=\"Sobre\" class=\"read-more\" href=\"https:\/\/cierl.uma.pt\/?page_id=173\" aria-label=\"More on Sobre\">Read more<\/a><\/p>\n","protected":false},"author":3,"featured_media":0,"parent":0,"menu_order":0,"comment_status":"closed","ping_status":"open","template":"","meta":{"footnotes":""},"language":[6],"class_list":{"0":"post-173","1":"page","2":"type-page","3":"status-publish","5":"language-pt_pt"},"_links":{"self":[{"href":"https:\/\/cierl.uma.pt\/index.php?rest_route=\/wp\/v2\/pages\/173","targetHints":{"allow":["GET"]}}],"collection":[{"href":"https:\/\/cierl.uma.pt\/index.php?rest_route=\/wp\/v2\/pages"}],"about":[{"href":"https:\/\/cierl.uma.pt\/index.php?rest_route=\/wp\/v2\/types\/page"}],"author":[{"embeddable":true,"href":"https:\/\/cierl.uma.pt\/index.php?rest_route=\/wp\/v2\/users\/3"}],"replies":[{"embeddable":true,"href":"https:\/\/cierl.uma.pt\/index.php?rest_route=%2Fwp%2Fv2%2Fcomments&post=173"}],"version-history":[{"count":49,"href":"https:\/\/cierl.uma.pt\/index.php?rest_route=\/wp\/v2\/pages\/173\/revisions"}],"predecessor-version":[{"id":30003,"href":"https:\/\/cierl.uma.pt\/index.php?rest_route=\/wp\/v2\/pages\/173\/revisions\/30003"}],"wp:attachment":[{"href":"https:\/\/cierl.uma.pt\/index.php?rest_route=%2Fwp%2Fv2%2Fmedia&parent=173"}],"wp:term":[{"taxonomy":"language","embeddable":true,"href":"https:\/\/cierl.uma.pt\/index.php?rest_route=%2Fwp%2Fv2%2Flanguage&post=173"}],"curies":[{"name":"wp","href":"https:\/\/api.w.org\/{rel}","templated":true}]}}